{"id":865,"date":"2025-11-26T09:54:50","date_gmt":"2025-11-26T08:54:50","guid":{"rendered":"https:\/\/thermofrigo.rs\/?post_type=product&#038;p=865"},"modified":"2026-02-05T09:56:49","modified_gmt":"2026-02-05T08:56:49","slug":"tcl-toplotna-pumpa","status":"publish","type":"product","link":"https:\/\/thermofrigo.rs\/en\/product\/tcl-toplotna-pumpa\/","title":{"rendered":"TCL Toplotna pumpa"},"content":{"rendered":"<ul class=\"wp-block-list\">\r\n<li>3-zonska kontrola temperature<\/li>\r\n\r\n\r\n\r\n<li>Visoka efikasnost: najvi\u0161i SCOP do 5,07<\/li>\r\n\r\n\r\n\r\n<li>Maks. LWT 65\u2103<\/li>\r\n\r\n\r\n\r\n<li>Niska buka: 35dB(A) na 3m<\/li>\r\n\r\n\r\n\r\n<li>U skladu sa EU standardima R32: nizak GWP\/0 ODP<\/li>\r\n\r\n\r\n\r\n<li>Onlajn usluga<\/li>\r\n\r\n\r\n\r\n<li>Daljinsko prac\u0301enje<\/li>\r\n<\/ul>","protected":false},"excerpt":{"rendered":"<h4 class=\"wp-block-heading\">Osigurajte da razli\u010diti prostori rade na savr\u0161enoj temperaturi!<\/h4>\n<p>TCL-ova ugra\u0111ena trozonska inteligencija elimini\u0161e ograni\u010denja tradicionalnih dvozonskih sistema. Bez dodatnih tro\u0161kova i bez slo\u017eenih pode\u0161avanja.<\/p>","protected":false},"featured_media":1035,"comment_status":"open","ping_status":"closed","template":"","meta":{"_monsterinsights_skip_tracking":false,"_monsterinsights_sitenote_active":false,"_monsterinsights_sitenote_note":"","_monsterinsights_sitenote_category":0},"product_brand":[],"product_cat":[33],"product_tag":[],"class_list":{"0":"post-865","1":"product","2":"type-product","3":"status-publish","4":"has-post-thumbnail","6":"product_cat-grejanje","8":"first","9":"instock","10":"taxable","11":"shipping-taxable","12":"product-type-simple"},"jetpack_sharing_enabled":true,"_links":{"self":[{"href":"https:\/\/thermofrigo.rs\/en\/wp-json\/wp\/v2\/product\/865","targetHints":{"allow":["GET"]}}],"collection":[{"href":"https:\/\/thermofrigo.rs\/en\/wp-json\/wp\/v2\/product"}],"about":[{"href":"https:\/\/thermofrigo.rs\/en\/wp-json\/wp\/v2\/types\/product"}],"replies":[{"embeddable":true,"href":"https:\/\/thermofrigo.rs\/en\/wp-json\/wp\/v2\/comments?post=865"}],"wp:featuredmedia":[{"embeddable":true,"href":"https:\/\/thermofrigo.rs\/en\/wp-json\/wp\/v2\/media\/1035"}],"wp:attachment":[{"href":"https:\/\/thermofrigo.rs\/en\/wp-json\/wp\/v2\/media?parent=865"}],"wp:term":[{"taxonomy":"product_brand","embeddable":true,"href":"https:\/\/thermofrigo.rs\/en\/wp-json\/wp\/v2\/product_brand?post=865"},{"taxonomy":"product_cat","embeddable":true,"href":"https:\/\/thermofrigo.rs\/en\/wp-json\/wp\/v2\/product_cat?post=865"},{"taxonomy":"product_tag","embeddable":true,"href":"https:\/\/thermofrigo.rs\/en\/wp-json\/wp\/v2\/product_tag?post=865"}],"curies":[{"name":"wp","href":"https:\/\/api.w.org\/{rel}","templated":true}]}}