{"id":974,"date":"2026-01-18T16:45:06","date_gmt":"2026-01-18T15:45:06","guid":{"rendered":"https:\/\/thermofrigo.rs\/?page_id=974"},"modified":"2026-02-09T11:25:27","modified_gmt":"2026-02-09T10:25:27","slug":"nosaci-klime","status":"publish","type":"page","link":"https:\/\/thermofrigo.rs\/en\/nosaci-klime\/","title":{"rendered":"Nosa\u010di klime"},"content":{"rendered":"<div class=\"wp-block-columns alignwide is-layout-flex wp-container-core-columns-is-layout-28f84493 wp-block-columns-is-layout-flex\">\n<div class=\"wp-block-column has-global-padding is-layout-constrained wp-block-column-is-layout-constrained\">\n<figure class=\"wp-block-image size-full is-resized\"><a class=\"https:\/\/thermofrigo.rs\/zidni-nosac\/\" href=\"https:\/\/thermofrigo.rs\/en\/zidni-nosac\/\" rel=\"Header\"><img fetchpriority=\"high\" decoding=\"async\" width=\"441\" height=\"452\" src=\"https:\/\/thermofrigo.rs\/wp-content\/uploads\/2026\/01\/Snimak-ekrana-2025-05-27-093021-4.png\" alt=\"\" class=\"wp-image-979\" style=\"aspect-ratio:0.9756657138558749;width:330px;height:auto\" srcset=\"https:\/\/thermofrigo.rs\/wp-content\/uploads\/2026\/01\/Snimak-ekrana-2025-05-27-093021-4.png 441w, https:\/\/thermofrigo.rs\/wp-content\/uploads\/2026\/01\/Snimak-ekrana-2025-05-27-093021-4-293x300.png 293w, https:\/\/thermofrigo.rs\/wp-content\/uploads\/2026\/01\/Snimak-ekrana-2025-05-27-093021-4-12x12.png 12w\" sizes=\"(max-width: 441px) 100vw, 441px\" \/><\/a><\/figure>\n\n\n\n<h6 class=\"wp-block-heading has-text-align-center\">Zglobni nosa\u010d<\/h6>\n<\/div>\n\n\n\n<div class=\"wp-block-column is-layout-flow wp-block-column-is-layout-flow\">\n<figure class=\"wp-block-image size-full is-resized\"><img decoding=\"async\" width=\"522\" height=\"478\" src=\"https:\/\/thermofrigo.rs\/wp-content\/uploads\/2026\/01\/WhatsApp_slika_2025-05-16_u_10.14.21_220e957f-removebg-preview.png\" alt=\"\" class=\"wp-image-981\" style=\"aspect-ratio:1.0920687042182369;width:353px;height:auto\" srcset=\"https:\/\/thermofrigo.rs\/wp-content\/uploads\/2026\/01\/WhatsApp_slika_2025-05-16_u_10.14.21_220e957f-removebg-preview.png 522w, https:\/\/thermofrigo.rs\/wp-content\/uploads\/2026\/01\/WhatsApp_slika_2025-05-16_u_10.14.21_220e957f-removebg-preview-300x275.png 300w, https:\/\/thermofrigo.rs\/wp-content\/uploads\/2026\/01\/WhatsApp_slika_2025-05-16_u_10.14.21_220e957f-removebg-preview-13x12.png 13w\" sizes=\"(max-width: 522px) 100vw, 522px\" \/><\/figure>\n\n\n\n<h6 class=\"wp-block-heading has-text-align-center\">podprozorski nosa\u010d<\/h6>\n<\/div>\n\n\n\n<div class=\"wp-block-column is-layout-flow wp-block-column-is-layout-flow\">\n<figure class=\"wp-block-image size-full is-resized\"><img decoding=\"async\" width=\"424\" height=\"459\" src=\"https:\/\/thermofrigo.rs\/wp-content\/uploads\/2026\/01\/Stubni.png\" alt=\"\" class=\"wp-image-980\" style=\"aspect-ratio:0.9237589915248202;width:309px;height:auto\" srcset=\"https:\/\/thermofrigo.rs\/wp-content\/uploads\/2026\/01\/Stubni.png 424w, https:\/\/thermofrigo.rs\/wp-content\/uploads\/2026\/01\/Stubni-277x300.png 277w, https:\/\/thermofrigo.rs\/wp-content\/uploads\/2026\/01\/Stubni-11x12.png 11w\" sizes=\"(max-width: 424px) 100vw, 424px\" \/><\/figure>\n\n\n\n<h6 class=\"wp-block-heading has-text-align-center\">stubni nosa\u010d<\/h6>\n<\/div>\n<\/div>\n\n\n\n<div class=\"wp-block-columns alignwide is-layout-flex wp-container-core-columns-is-layout-28f84493 wp-block-columns-is-layout-flex\">\n<div class=\"wp-block-column has-global-padding is-layout-constrained wp-block-column-is-layout-constrained\">\n<figure class=\"wp-block-image size-full is-resized\"><img loading=\"lazy\" decoding=\"async\" width=\"497\" height=\"467\" src=\"https:\/\/thermofrigo.rs\/wp-content\/uploads\/2026\/01\/Mala-stolica-1.png\" alt=\"\" class=\"wp-image-985\" style=\"aspect-ratio:0.9756657138558749;width:330px;height:auto\" srcset=\"https:\/\/thermofrigo.rs\/wp-content\/uploads\/2026\/01\/Mala-stolica-1.png 497w, https:\/\/thermofrigo.rs\/wp-content\/uploads\/2026\/01\/Mala-stolica-1-300x282.png 300w, https:\/\/thermofrigo.rs\/wp-content\/uploads\/2026\/01\/Mala-stolica-1-13x12.png 13w\" sizes=\"(max-width: 497px) 100vw, 497px\" \/><\/figure>\n\n\n\n<h6 class=\"wp-block-heading has-text-align-center\">Podni nosa\u010d za klime<\/h6>\n<\/div>\n\n\n\n<div class=\"wp-block-column is-layout-flow wp-block-column-is-layout-flow\">\n<figure class=\"wp-block-image size-full is-resized\"><img loading=\"lazy\" decoding=\"async\" width=\"515\" height=\"481\" src=\"https:\/\/thermofrigo.rs\/wp-content\/uploads\/2026\/01\/pod-1.png\" alt=\"\" class=\"wp-image-987\" style=\"aspect-ratio:1.0920687042182369;width:353px;height:auto\" srcset=\"https:\/\/thermofrigo.rs\/wp-content\/uploads\/2026\/01\/pod-1.png 515w, https:\/\/thermofrigo.rs\/wp-content\/uploads\/2026\/01\/pod-1-300x280.png 300w, https:\/\/thermofrigo.rs\/wp-content\/uploads\/2026\/01\/pod-1-13x12.png 13w\" sizes=\"(max-width: 515px) 100vw, 515px\" \/><\/figure>\n\n\n\n<h6 class=\"wp-block-heading has-text-align-center\">Plafonski nosa\u010d<\/h6>\n<\/div>\n\n\n\n<div class=\"wp-block-column is-layout-flow wp-block-column-is-layout-flow\">\n<figure class=\"wp-block-image size-full is-resized\"><img loading=\"lazy\" decoding=\"async\" width=\"449\" height=\"398\" src=\"https:\/\/thermofrigo.rs\/wp-content\/uploads\/2026\/01\/krovni-1.png\" alt=\"\" class=\"wp-image-986\" style=\"aspect-ratio:0.9237589915248202;width:309px;height:auto\" srcset=\"https:\/\/thermofrigo.rs\/wp-content\/uploads\/2026\/01\/krovni-1.png 449w, https:\/\/thermofrigo.rs\/wp-content\/uploads\/2026\/01\/krovni-1-300x266.png 300w, https:\/\/thermofrigo.rs\/wp-content\/uploads\/2026\/01\/krovni-1-14x12.png 14w\" sizes=\"(max-width: 449px) 100vw, 449px\" \/><\/figure>\n\n\n\n<h6 class=\"wp-block-heading has-text-align-center\">krovni nosa\u010d<\/h6>\n<\/div>\n<\/div>\n\n\n\n<div class=\"wp-block-columns alignwide is-layout-flex wp-container-core-columns-is-layout-28f84493 wp-block-columns-is-layout-flex\">\n<div class=\"wp-block-column has-global-padding is-layout-constrained wp-block-column-is-layout-constrained\">\n<figure class=\"wp-block-image size-full is-resized\"><a class=\"https:\/\/thermofrigo.rs\/spratni-nosac\/\" href=\"https:\/\/thermofrigo.rs\/en\/spratni-nosac\/\" rel=\"Header\"><img loading=\"lazy\" decoding=\"async\" width=\"376\" height=\"421\" src=\"https:\/\/thermofrigo.rs\/wp-content\/uploads\/2026\/02\/Snimak-ekrana-2025-05-27-093509.png\" alt=\"\" class=\"wp-image-1055\" style=\"aspect-ratio:0.9756657138558749;width:330px;height:auto\" srcset=\"https:\/\/thermofrigo.rs\/wp-content\/uploads\/2026\/02\/Snimak-ekrana-2025-05-27-093509.png 376w, https:\/\/thermofrigo.rs\/wp-content\/uploads\/2026\/02\/Snimak-ekrana-2025-05-27-093509-268x300.png 268w, https:\/\/thermofrigo.rs\/wp-content\/uploads\/2026\/02\/Snimak-ekrana-2025-05-27-093509-11x12.png 11w\" sizes=\"(max-width: 376px) 100vw, 376px\" \/><\/a><\/figure>\n\n\n\n<h6 class=\"wp-block-heading has-text-align-center\">Spratni nosa\u010d<\/h6>\n<\/div>\n\n\n\n<div class=\"wp-block-column is-vertically-aligned-top is-layout-flow wp-block-column-is-layout-flow\">\n<figure class=\"wp-block-image size-full\"><img loading=\"lazy\" decoding=\"async\" width=\"600\" height=\"497\" src=\"https:\/\/thermofrigo.rs\/wp-content\/uploads\/2026\/02\/Snimak-ekrana-2026-02-09-110735.jpg\" alt=\"\" class=\"wp-image-1058\" srcset=\"https:\/\/thermofrigo.rs\/wp-content\/uploads\/2026\/02\/Snimak-ekrana-2026-02-09-110735.jpg 600w, https:\/\/thermofrigo.rs\/wp-content\/uploads\/2026\/02\/Snimak-ekrana-2026-02-09-110735-300x249.jpg 300w, https:\/\/thermofrigo.rs\/wp-content\/uploads\/2026\/02\/Snimak-ekrana-2026-02-09-110735-14x12.jpg 14w\" sizes=\"(max-width: 600px) 100vw, 600px\" \/><\/figure>\n\n\n\n<h6 class=\"wp-block-heading has-text-align-center\">antivibracione gume<\/h6>\n<\/div>\n\n\n\n<div class=\"wp-block-column is-vertically-aligned-top is-layout-flow wp-block-column-is-layout-flow\">\n<figure class=\"wp-block-image size-full\"><img loading=\"lazy\" decoding=\"async\" width=\"519\" height=\"444\" src=\"https:\/\/thermofrigo.rs\/wp-content\/uploads\/2026\/02\/Snimak-ekrana-2026-02-09-103124.jpg\" alt=\"\" class=\"wp-image-1057\" srcset=\"https:\/\/thermofrigo.rs\/wp-content\/uploads\/2026\/02\/Snimak-ekrana-2026-02-09-103124.jpg 519w, https:\/\/thermofrigo.rs\/wp-content\/uploads\/2026\/02\/Snimak-ekrana-2026-02-09-103124-300x257.jpg 300w, https:\/\/thermofrigo.rs\/wp-content\/uploads\/2026\/02\/Snimak-ekrana-2026-02-09-103124-14x12.jpg 14w\" sizes=\"(max-width: 519px) 100vw, 519px\" \/><\/figure>\n\n\n\n<h6 class=\"wp-block-heading has-text-align-center\">Antivibracione gume<\/h6>\n<\/div>\n<\/div>\n\n\n\n<p><\/p>","protected":false},"excerpt":{"rendered":"<p>Zglobni nosa\u010d podprozorski nosa\u010d stubni nosa\u010d Podni nosa\u010d za klime Plafonski nosa\u010d krovni nosa\u010d Spratni nosa\u010d antivibracione gume Antivibracione gume<\/p>","protected":false},"author":1,"featured_media":0,"parent":0,"menu_order":0,"comment_status":"closed","ping_status":"closed","template":"","meta":{"_monsterinsights_skip_tracking":false,"_monsterinsights_sitenote_active":false,"_monsterinsights_sitenote_note":"","_monsterinsights_sitenote_category":0,"footnotes":""},"class_list":["post-974","page","type-page","status-publish","hentry"],"jetpack_sharing_enabled":true,"_links":{"self":[{"href":"https:\/\/thermofrigo.rs\/en\/wp-json\/wp\/v2\/pages\/974","targetHints":{"allow":["GET"]}}],"collection":[{"href":"https:\/\/thermofrigo.rs\/en\/wp-json\/wp\/v2\/pages"}],"about":[{"href":"https:\/\/thermofrigo.rs\/en\/wp-json\/wp\/v2\/types\/page"}],"author":[{"embeddable":true,"href":"https:\/\/thermofrigo.rs\/en\/wp-json\/wp\/v2\/users\/1"}],"replies":[{"embeddable":true,"href":"https:\/\/thermofrigo.rs\/en\/wp-json\/wp\/v2\/comments?post=974"}],"version-history":[{"count":6,"href":"https:\/\/thermofrigo.rs\/en\/wp-json\/wp\/v2\/pages\/974\/revisions"}],"predecessor-version":[{"id":1063,"href":"https:\/\/thermofrigo.rs\/en\/wp-json\/wp\/v2\/pages\/974\/revisions\/1063"}],"wp:attachment":[{"href":"https:\/\/thermofrigo.rs\/en\/wp-json\/wp\/v2\/media?parent=974"}],"curies":[{"name":"wp","href":"https:\/\/api.w.org\/{rel}","templated":true}]}}