{"id":397,"date":"2025-05-23T13:47:16","date_gmt":"2025-05-23T11:47:16","guid":{"rendered":"https:\/\/thermofrigo.rs\/?page_id=397"},"modified":"2025-08-05T10:46:39","modified_gmt":"2025-08-05T08:46:39","slug":"klima-uredjaj","status":"publish","type":"page","link":"https:\/\/thermofrigo.rs\/en\/klima-uredjaj\/","title":{"rendered":"TCL inverter klima uredjaj"},"content":{"rendered":"<div class=\"wp-block-group alignfull has-background-background-color has-background has-global-padding is-layout-constrained wp-container-core-group-is-layout-7276a2bb wp-block-group-is-layout-constrained\" style=\"margin-top:0;margin-bottom:0;padding-top:var(--wp--preset--spacing--60);padding-right:var(--wp--preset--spacing--30);padding-bottom:var(--wp--preset--spacing--60);padding-left:var(--wp--preset--spacing--30)\">\n<h2 class=\"wp-block-heading\"><br>TCL klima uredjaj<\/h2>\n\n\n\n<p class=\"has-medium-font-size\" style=\"margin-top:16px\">Model: TAC &#8211; 12CHSD TPG51 T-Pro<br><\/p>\n\n\n\n<div class=\"wp-block-columns alignwide is-layout-flex wp-container-core-columns-is-layout-08c01c1c wp-block-columns-is-layout-flex\">\n<div class=\"wp-block-column is-vertically-aligned-stretch is-layout-flow wp-block-column-is-layout-flow\">\n<div class=\"wp-block-group has-global-padding is-layout-constrained wp-block-group-is-layout-constrained\">\n<p class=\"has-text-align-left\"><strong>Izgled spolja\u0161nje jedinice<\/strong><\/p>\n\n\n\n<div class=\"wp-block-group is-nowrap is-layout-flex wp-container-core-group-is-layout-6c531013 wp-block-group-is-layout-flex\">\n<figure class=\"wp-block-image size-full is-resized has-custom-border\"><a href=\"https:\/\/thermofrigo.rs\/wp-content\/uploads\/2025\/05\/Snimak-ekrana-2025-05-22-141703-3.png\"><img fetchpriority=\"high\" decoding=\"async\" width=\"508\" height=\"455\" src=\"https:\/\/thermofrigo.rs\/wp-content\/uploads\/2025\/05\/Snimak-ekrana-2025-05-22-141703-3.png\" alt=\"\" class=\"wp-image-403\" style=\"border-radius:1.5rem;aspect-ratio:1;object-fit:cover;width:489px;height:auto\" srcset=\"https:\/\/thermofrigo.rs\/wp-content\/uploads\/2025\/05\/Snimak-ekrana-2025-05-22-141703-3.png 508w, https:\/\/thermofrigo.rs\/wp-content\/uploads\/2025\/05\/Snimak-ekrana-2025-05-22-141703-3-300x269.png 300w\" sizes=\"(max-width: 508px) 100vw, 508px\" \/><\/a><\/figure>\n<\/div>\n<\/div>\n<\/div>\n\n\n\n<div class=\"wp-block-column is-layout-flow wp-block-column-is-layout-flow\">\n<figure class=\"wp-block-image size-large is-resized\"><a href=\"https:\/\/thermofrigo.rs\/wp-content\/uploads\/2025\/05\/klima-2-1-scaled.png\"><img decoding=\"async\" width=\"1024\" height=\"687\" src=\"https:\/\/thermofrigo.rs\/wp-content\/uploads\/2025\/05\/klima-2-1-1024x687.png\" alt=\"\" class=\"wp-image-407\" style=\"width:421px;height:auto\" srcset=\"https:\/\/thermofrigo.rs\/wp-content\/uploads\/2025\/05\/klima-2-1-1024x687.png 1024w, https:\/\/thermofrigo.rs\/wp-content\/uploads\/2025\/05\/klima-2-1-300x201.png 300w, https:\/\/thermofrigo.rs\/wp-content\/uploads\/2025\/05\/klima-2-1-768x515.png 768w, https:\/\/thermofrigo.rs\/wp-content\/uploads\/2025\/05\/klima-2-1-1536x1031.png 1536w, https:\/\/thermofrigo.rs\/wp-content\/uploads\/2025\/05\/klima-2-1-2048x1374.png 2048w\" sizes=\"(max-width: 1024px) 100vw, 1024px\" \/><\/a><\/figure>\n\n\n\n<figure class=\"wp-block-image size-large is-resized\"><a href=\"https:\/\/thermofrigo.rs\/wp-content\/uploads\/2025\/05\/klima-1-3-scaled.png\"><img decoding=\"async\" width=\"1024\" height=\"687\" src=\"https:\/\/thermofrigo.rs\/wp-content\/uploads\/2025\/05\/klima-1-3-1024x687.png\" alt=\"\" class=\"wp-image-406\" style=\"width:422px;height:auto\" srcset=\"https:\/\/thermofrigo.rs\/wp-content\/uploads\/2025\/05\/klima-1-3-1024x687.png 1024w, https:\/\/thermofrigo.rs\/wp-content\/uploads\/2025\/05\/klima-1-3-300x201.png 300w, https:\/\/thermofrigo.rs\/wp-content\/uploads\/2025\/05\/klima-1-3-768x515.png 768w, https:\/\/thermofrigo.rs\/wp-content\/uploads\/2025\/05\/klima-1-3-1536x1031.png 1536w, https:\/\/thermofrigo.rs\/wp-content\/uploads\/2025\/05\/klima-1-3-2048x1374.png 2048w\" sizes=\"(max-width: 1024px) 100vw, 1024px\" \/><\/a><\/figure>\n<\/div>\n\n\n\n<div class=\"wp-block-column is-vertically-aligned-center is-layout-flow wp-block-column-is-layout-flow\">\n<p>Odgovara va\u0161im potrebama.  Jednostavna instalacija, lako odvojiva donja plo\u010da<\/p>\n\n\n\n<p>Ve\u0107i prostor za priklju\u010dak cevi (2165 mm)<\/p>\n\n\n\n<p>Sistem kanala za lako \u010di\u0161\u0107enje i unakrsni ventilator O\u010distite sistem kanala i unakrsni ventilator.<\/p>\n\n\n\n<p>Jednostavno odr\u017eavanje, prakti\u010dna provera curenja.<\/p>\n\n\n\n<p>Veliki prostor za povezivanje, provera curenja unutra\u0161nje jedinice.<\/p>\n\n\n\n<p>Jednostavna monta\u017ea Efikasnost monta\u017ee pove\u0107ana do 12,5%<\/p>\n\n\n\n<p>Manje delova, manje \u0161rafova, manje procesa.<\/p>\n<\/div>\n<\/div>\n<\/div>\n\n\n\n<p>Izgled unutra\u0161nje jedinice i daljinskog upravlja\u010da<\/p>\n\n\n\n<div class=\"wp-block-columns alignwide are-vertically-aligned-center is-layout-flex wp-container-core-columns-is-layout-08c01c1c wp-block-columns-is-layout-flex\">\n<div class=\"wp-block-column is-vertically-aligned-center is-layout-flow wp-block-column-is-layout-flow\">\n<figure class=\"wp-block-gallery has-nested-images columns-default is-cropped wp-block-gallery-1 is-layout-flex wp-block-gallery-is-layout-flex\">\n<figure class=\"wp-block-image size-large\"><a href=\"https:\/\/thermofrigo.rs\/wp-content\/uploads\/2025\/06\/klima-4-scaled.png\"><img loading=\"lazy\" decoding=\"async\" width=\"1024\" height=\"717\" data-id=\"656\" src=\"https:\/\/thermofrigo.rs\/wp-content\/uploads\/2025\/06\/klima-4-1024x717.png\" alt=\"\" class=\"wp-image-656\" style=\"aspect-ratio:1.3333333333333333;object-fit:cover\" srcset=\"https:\/\/thermofrigo.rs\/wp-content\/uploads\/2025\/06\/klima-4-1024x717.png 1024w, https:\/\/thermofrigo.rs\/wp-content\/uploads\/2025\/06\/klima-4-300x210.png 300w, https:\/\/thermofrigo.rs\/wp-content\/uploads\/2025\/06\/klima-4-768x538.png 768w, https:\/\/thermofrigo.rs\/wp-content\/uploads\/2025\/06\/klima-4-1536x1075.png 1536w, https:\/\/thermofrigo.rs\/wp-content\/uploads\/2025\/06\/klima-4-2048x1434.png 2048w, https:\/\/thermofrigo.rs\/wp-content\/uploads\/2025\/06\/klima-4-18x12.png 18w, https:\/\/thermofrigo.rs\/wp-content\/uploads\/2025\/06\/klima-4-600x420.png 600w\" sizes=\"(max-width: 1024px) 100vw, 1024px\" \/><\/a><\/figure>\n<\/figure>\n<\/div>\n\n\n\n<div class=\"wp-block-column is-vertically-aligned-center is-layout-flow wp-block-column-is-layout-flow\">\n<figure class=\"wp-block-image size-large is-resized\"><a href=\"https:\/\/thermofrigo.rs\/wp-content\/uploads\/2025\/06\/klima-2-scaled.png\"><img loading=\"lazy\" decoding=\"async\" width=\"1024\" height=\"717\" src=\"https:\/\/thermofrigo.rs\/wp-content\/uploads\/2025\/06\/klima-2-1024x717.png\" alt=\"\" class=\"wp-image-658\" style=\"aspect-ratio:1.3333333333333333;object-fit:cover;width:327px;height:auto\" srcset=\"https:\/\/thermofrigo.rs\/wp-content\/uploads\/2025\/06\/klima-2-1024x717.png 1024w, https:\/\/thermofrigo.rs\/wp-content\/uploads\/2025\/06\/klima-2-300x210.png 300w, https:\/\/thermofrigo.rs\/wp-content\/uploads\/2025\/06\/klima-2-768x538.png 768w, https:\/\/thermofrigo.rs\/wp-content\/uploads\/2025\/06\/klima-2-1536x1075.png 1536w, https:\/\/thermofrigo.rs\/wp-content\/uploads\/2025\/06\/klima-2-2048x1434.png 2048w, https:\/\/thermofrigo.rs\/wp-content\/uploads\/2025\/06\/klima-2-18x12.png 18w, https:\/\/thermofrigo.rs\/wp-content\/uploads\/2025\/06\/klima-2-600x420.png 600w\" sizes=\"(max-width: 1024px) 100vw, 1024px\" \/><\/a><\/figure>\n\n\n\n<figure class=\"wp-block-image size-large is-resized\"><a href=\"https:\/\/thermofrigo.rs\/en\/klima-uredjaj\/klima-3\/\"><img loading=\"lazy\" decoding=\"async\" width=\"1024\" height=\"717\" src=\"https:\/\/thermofrigo.rs\/wp-content\/uploads\/2025\/06\/Klima-3-1024x717.png\" alt=\"\" class=\"wp-image-657\" style=\"aspect-ratio:1.3333333333333333;object-fit:cover;width:344px;height:auto\" srcset=\"https:\/\/thermofrigo.rs\/wp-content\/uploads\/2025\/06\/Klima-3-1024x717.png 1024w, https:\/\/thermofrigo.rs\/wp-content\/uploads\/2025\/06\/Klima-3-300x210.png 300w, https:\/\/thermofrigo.rs\/wp-content\/uploads\/2025\/06\/Klima-3-768x538.png 768w, https:\/\/thermofrigo.rs\/wp-content\/uploads\/2025\/06\/Klima-3-1536x1075.png 1536w, https:\/\/thermofrigo.rs\/wp-content\/uploads\/2025\/06\/Klima-3-2048x1434.png 2048w, https:\/\/thermofrigo.rs\/wp-content\/uploads\/2025\/06\/Klima-3-18x12.png 18w, https:\/\/thermofrigo.rs\/wp-content\/uploads\/2025\/06\/Klima-3-600x420.png 600w\" sizes=\"(max-width: 1024px) 100vw, 1024px\" \/><\/a><\/figure>\n<\/div>\n\n\n\n<div class=\"wp-block-column is-vertically-aligned-center is-layout-flow wp-block-column-is-layout-flow\">\n<figure class=\"wp-block-image size-full is-resized\"><a href=\"https:\/\/thermofrigo.rs\/wp-content\/uploads\/2025\/05\/Snimak-ekrana-2025-05-23-111712.png\"><img loading=\"lazy\" decoding=\"async\" width=\"272\" height=\"418\" src=\"https:\/\/thermofrigo.rs\/wp-content\/uploads\/2025\/05\/Snimak-ekrana-2025-05-23-111712.png\" alt=\"\" class=\"wp-image-411\" style=\"width:252px;height:auto\" srcset=\"https:\/\/thermofrigo.rs\/wp-content\/uploads\/2025\/05\/Snimak-ekrana-2025-05-23-111712.png 272w, https:\/\/thermofrigo.rs\/wp-content\/uploads\/2025\/05\/Snimak-ekrana-2025-05-23-111712-195x300.png 195w\" sizes=\"(max-width: 272px) 100vw, 272px\" \/><\/a><\/figure>\n<\/div>\n<\/div>\n\n\n\n<div class=\"wp-block-group alignfull has-background-background-color has-background has-global-padding is-layout-constrained wp-container-core-group-is-layout-fb85e995 wp-block-group-is-layout-constrained\" style=\"margin-top:0;margin-bottom:0;padding-top:var(--wp--preset--spacing--60);padding-right:var(--wp--preset--spacing--30);padding-bottom:var(--wp--preset--spacing--60);padding-left:var(--wp--preset--spacing--30)\">\n<div class=\"wp-block-columns alignwide is-layout-flex wp-container-core-columns-is-layout-28f84493 wp-block-columns-is-layout-flex\">\n<div class=\"wp-block-column is-layout-flow wp-block-column-is-layout-flow\" style=\"flex-basis:50%\">\n<div class=\"wp-block-group alignwide has-global-padding is-content-justification-left is-layout-constrained wp-container-core-group-is-layout-3c97d49d wp-block-group-is-layout-constrained\" style=\"margin-bottom:var(--wp--preset--spacing--50)\">\n<div class=\"wp-block-group has-tertiary-background-color has-background has-global-padding is-layout-constrained wp-container-core-group-is-layout-b3cb40ef wp-block-group-is-layout-constrained\" style=\"border-radius:1rem;padding-top:var(--wp--preset--spacing--40);padding-right:var(--wp--preset--spacing--40);padding-bottom:var(--wp--preset--spacing--40);padding-left:var(--wp--preset--spacing--40)\">\n<div class=\"wp-block-group wp-container-content-9f684509 is-content-justification-space-between is-layout-flex wp-container-core-group-is-layout-4fdae1a4 wp-block-group-is-layout-flex\" style=\"border-bottom-color:var(--wp--preset--color--background);border-bottom-width:1px;padding-top:var(--wp--preset--spacing--20);padding-bottom:var(--wp--preset--spacing--20)\">\n<h3 class=\"wp-block-heading\" style=\"font-size:clamp(14px, 0.875rem + ((1vw - 3.2px) * 0.625), 20px);line-height:1.5\">Kapacitet<\/h3>\n\n\n\n<h4 class=\"wp-block-heading has-small-font-size\">12000 BTU<\/h4>\n<\/div>\n\n\n\n<div class=\"wp-block-group wp-container-content-9f684509 is-content-justification-space-between is-layout-flex wp-container-core-group-is-layout-4fdae1a4 wp-block-group-is-layout-flex\" style=\"border-bottom-color:var(--wp--preset--color--background);border-bottom-width:1px;padding-top:var(--wp--preset--spacing--20);padding-bottom:var(--wp--preset--spacing--20)\">\n<h3 class=\"wp-block-heading\" style=\"font-size:clamp(14px, 0.875rem + ((1vw - 3.2px) * 0.625), 20px);line-height:1.5\">Tip klime<\/h3>\n\n\n\n<h3 class=\"wp-block-heading has-small-font-size\">Inverter<\/h3>\n<\/div>\n\n\n\n<div class=\"wp-block-group wp-container-content-9f684509 is-content-justification-space-between is-layout-flex wp-container-core-group-is-layout-4fdae1a4 wp-block-group-is-layout-flex\" style=\"border-bottom-color:var(--wp--preset--color--background);border-bottom-width:1px;padding-top:var(--wp--preset--spacing--20);padding-bottom:var(--wp--preset--spacing--20)\">\n<h3 class=\"wp-block-heading\" style=\"font-size:clamp(14px, 0.875rem + ((1vw - 3.2px) * 0.625), 20px);line-height:1.5\">Wifi<\/h3>\n\n\n\n<h3 class=\"wp-block-heading has-small-font-size\">Da<\/h3>\n<\/div>\n\n\n\n<div class=\"wp-block-group wp-container-content-9f684509 is-content-justification-space-between is-layout-flex wp-container-core-group-is-layout-4fdae1a4 wp-block-group-is-layout-flex\" style=\"border-bottom-color:var(--wp--preset--color--background);border-bottom-width:1px;padding-top:var(--wp--preset--spacing--20);padding-bottom:var(--wp--preset--spacing--20)\">\n<h3 class=\"wp-block-heading\" style=\"font-size:clamp(14px, 0.875rem + ((1vw - 3.2px) * 0.625), 20px);line-height:1.5\">UVC stelilizator<\/h3>\n\n\n\n<h3 class=\"wp-block-heading has-small-font-size\">Da<\/h3>\n<\/div>\n\n\n\n<div class=\"wp-block-group wp-container-content-9f684509 is-content-justification-space-between is-layout-flex wp-container-core-group-is-layout-4fdae1a4 wp-block-group-is-layout-flex\" style=\"border-bottom-color:var(--wp--preset--color--background);border-bottom-width:1px;padding-top:var(--wp--preset--spacing--20);padding-bottom:var(--wp--preset--spacing--20)\">\n<h3 class=\"wp-block-heading\" style=\"font-size:clamp(14px, 0.875rem + ((1vw - 3.2px) * 0.625), 20px);line-height:1.5\">Zdravi filter<\/h3>\n\n\n\n<h3 class=\"wp-block-heading has-small-font-size\">Da<\/h3>\n<\/div>\n\n\n\n<div class=\"wp-block-group wp-container-content-9f684509 is-content-justification-space-between is-layout-flex wp-container-core-group-is-layout-4fdae1a4 wp-block-group-is-layout-flex\" style=\"border-bottom-color:var(--wp--preset--color--background);border-bottom-width:1px;padding-top:var(--wp--preset--spacing--20);padding-bottom:var(--wp--preset--spacing--20)\">\n<h3 class=\"wp-block-heading\" style=\"font-size:clamp(14px, 0.875rem + ((1vw - 3.2px) * 0.625), 20px);line-height:1.5\">Temperaturni opseg<\/h3>\n\n\n\n<p> hla\u0111enje i grejanje                                                         <strong>&#8211; 25\u2103 do +60\u2103<\/strong><\/p>\n<\/div>\n<\/div>\n<\/div>\n<\/div>\n\n\n\n<div class=\"wp-block-column is-layout-flow wp-block-column-is-layout-flow\" style=\"flex-basis:50%\">\n<div class=\"wp-block-group has-tertiary-background-color has-background has-global-padding is-layout-constrained wp-container-core-group-is-layout-b3cb40ef wp-block-group-is-layout-constrained\" style=\"border-radius:1rem;padding-top:var(--wp--preset--spacing--40);padding-right:var(--wp--preset--spacing--40);padding-bottom:var(--wp--preset--spacing--40);padding-left:var(--wp--preset--spacing--40)\">\n<div class=\"wp-block-group wp-container-content-9f684509 is-content-justification-space-between is-layout-flex wp-container-core-group-is-layout-4fdae1a4 wp-block-group-is-layout-flex\" style=\"border-bottom-color:var(--wp--preset--color--background);border-bottom-width:1px;padding-top:var(--wp--preset--spacing--20);padding-bottom:var(--wp--preset--spacing--20)\">\n<h3 class=\"wp-block-heading\" style=\"font-size:clamp(14px, 0.875rem + ((1vw - 3.2px) * 0.625), 20px);line-height:1.5\">Gas<\/h3>\n\n\n\n<h4 class=\"wp-block-heading has-small-font-size\">R32<\/h4>\n<\/div>\n\n\n\n<div class=\"wp-block-group wp-container-content-9f684509 is-content-justification-space-between is-layout-flex wp-container-core-group-is-layout-4fdae1a4 wp-block-group-is-layout-flex\" style=\"border-bottom-color:var(--wp--preset--color--background);border-bottom-width:1px;padding-top:var(--wp--preset--spacing--20);padding-bottom:var(--wp--preset--spacing--20)\">\n<h3 class=\"wp-block-heading\" style=\"font-size:clamp(14px, 0.875rem + ((1vw - 3.2px) * 0.625), 20px);line-height:1.5\">Napon<\/h3>\n\n\n\n<h3 class=\"wp-block-heading has-small-font-size\">220 ~ 240 V ~<\/h3>\n<\/div>\n\n\n\n<div class=\"wp-block-group wp-container-content-9f684509 is-content-justification-space-between is-layout-flex wp-container-core-group-is-layout-4fdae1a4 wp-block-group-is-layout-flex\" style=\"border-bottom-color:var(--wp--preset--color--background);border-bottom-width:1px;padding-top:var(--wp--preset--spacing--20);padding-bottom:var(--wp--preset--spacing--20)\">\n<h3 class=\"wp-block-heading\" style=\"font-size:clamp(14px, 0.875rem + ((1vw - 3.2px) * 0.625), 20px);line-height:1.5\">Te\u017eina unutra\u0161nje jedinice<\/h3>\n\n\n\n<h3 class=\"wp-block-heading has-small-font-size\">8,5kg<\/h3>\n<\/div>\n\n\n\n<div class=\"wp-block-group wp-container-content-9f684509 is-content-justification-space-between is-layout-flex wp-container-core-group-is-layout-4fdae1a4 wp-block-group-is-layout-flex\" style=\"border-bottom-color:var(--wp--preset--color--background);border-bottom-width:1px;padding-top:var(--wp--preset--spacing--20);padding-bottom:var(--wp--preset--spacing--20)\">\n<h3 class=\"wp-block-heading\" style=\"font-size:clamp(14px, 0.875rem + ((1vw - 3.2px) * 0.625), 20px);line-height:1.5\">Te\u017eina spolja\u0161nje jedinice<\/h3>\n\n\n\n<h3 class=\"wp-block-heading has-small-font-size\">24kg<\/h3>\n<\/div>\n\n\n\n<div class=\"wp-block-group wp-container-content-9f684509 is-content-justification-space-between is-layout-flex wp-container-core-group-is-layout-4fdae1a4 wp-block-group-is-layout-flex\" style=\"border-bottom-color:var(--wp--preset--color--background);border-bottom-width:1px;padding-top:var(--wp--preset--spacing--20);padding-bottom:var(--wp--preset--spacing--20)\">\n<h3 class=\"wp-block-heading\" style=\"font-size:clamp(14px, 0.875rem + ((1vw - 3.2px) * 0.625), 20px);line-height:1.5\">Energetska klasa<\/h3>\n\n\n\n<h3 class=\"wp-block-heading has-small-font-size\">A +++<\/h3>\n<\/div>\n\n\n\n<div class=\"wp-block-group wp-container-content-9f684509 is-content-justification-space-between is-layout-flex wp-container-core-group-is-layout-4fdae1a4 wp-block-group-is-layout-flex\" style=\"border-bottom-color:var(--wp--preset--color--background);border-bottom-width:1px;padding-top:var(--wp--preset--spacing--20);padding-bottom:var(--wp--preset--spacing--20)\">\n<h3 class=\"wp-block-heading\" style=\"font-size:clamp(14px, 0.875rem + ((1vw - 3.2px) * 0.625), 20px);line-height:1.5\">Boja<\/h3>\n\n\n\n<h3 class=\"wp-block-heading has-small-font-size\">Bela<\/h3>\n<\/div>\n<\/div>\n<\/div>\n\n\n\n<div class=\"wp-block-column is-layout-flow wp-block-column-is-layout-flow\"><\/div>\n\n\n\n<div class=\"wp-block-column is-layout-flow wp-block-column-is-layout-flow\"><\/div>\n<\/div>\n<\/div>","protected":false},"excerpt":{"rendered":"<p>TCL klima uredjaj Model: TAC &#8211; 12CHSD TPG51 T-Pro Izgled spolja\u0161nje jedinice Odgovara va\u0161im potrebama. Jednostavna instalacija, lako odvojiva donja plo\u010da Ve\u0107i prostor za priklju\u010dak cevi (2165 mm) Sistem kanala za lako \u010di\u0161\u0107enje i unakrsni ventilator O\u010distite sistem kanala i unakrsni ventilator. Jednostavno odr\u017eavanje, prakti\u010dna provera curenja. Veliki prostor za povezivanje, provera curenja unutra\u0161nje jedinice. [&hellip;]<\/p>","protected":false},"author":1,"featured_media":0,"parent":0,"menu_order":0,"comment_status":"closed","ping_status":"closed","template":"","meta":{"_monsterinsights_skip_tracking":false,"_monsterinsights_sitenote_active":false,"_monsterinsights_sitenote_note":"","_monsterinsights_sitenote_category":0,"footnotes":""},"class_list":["post-397","page","type-page","status-publish","hentry"],"jetpack_sharing_enabled":true,"_links":{"self":[{"href":"https:\/\/thermofrigo.rs\/en\/wp-json\/wp\/v2\/pages\/397","targetHints":{"allow":["GET"]}}],"collection":[{"href":"https:\/\/thermofrigo.rs\/en\/wp-json\/wp\/v2\/pages"}],"about":[{"href":"https:\/\/thermofrigo.rs\/en\/wp-json\/wp\/v2\/types\/page"}],"author":[{"embeddable":true,"href":"https:\/\/thermofrigo.rs\/en\/wp-json\/wp\/v2\/users\/1"}],"replies":[{"embeddable":true,"href":"https:\/\/thermofrigo.rs\/en\/wp-json\/wp\/v2\/comments?post=397"}],"version-history":[{"count":10,"href":"https:\/\/thermofrigo.rs\/en\/wp-json\/wp\/v2\/pages\/397\/revisions"}],"predecessor-version":[{"id":818,"href":"https:\/\/thermofrigo.rs\/en\/wp-json\/wp\/v2\/pages\/397\/revisions\/818"}],"wp:attachment":[{"href":"https:\/\/thermofrigo.rs\/en\/wp-json\/wp\/v2\/media?parent=397"}],"curies":[{"name":"wp","href":"https:\/\/api.w.org\/{rel}","templated":true}]}}