{"id":38,"date":"2025-03-11T16:12:28","date_gmt":"2025-03-11T16:12:28","guid":{"rendered":"https:\/\/thermofrigo.rs\/service-area\/"},"modified":"2025-03-16T10:34:24","modified_gmt":"2025-03-16T10:34:24","slug":"service-area","status":"publish","type":"page","link":"https:\/\/thermofrigo.rs\/en\/service-area\/","title":{"rendered":"PRODUCTS"},"content":{"rendered":"<div class=\"wp-block-group alignfull has-foreground-background-color has-background has-global-padding is-layout-constrained wp-block-group-is-layout-constrained\" style=\"margin-top:0;margin-bottom:0;padding-top:0;padding-bottom:0\">\n<div class=\"wp-block-group alignwide has-global-padding is-layout-constrained wp-block-group-is-layout-constrained\" style=\"padding-top:var(--wp--preset--spacing--30);padding-bottom:var(--wp--preset--spacing--30)\">\n<h1 class=\"wp-block-heading alignwide has-background-color has-text-color\" style=\"font-size:clamp(0.875rem, 0.875rem + ((1vw - 0.2rem) * 0.625), 1.25rem);\">PRODUCTS<\/h1>\n<\/div>\n<\/div>\n\n\n\n<div class=\"wp-block-group alignfull has-tertiary-background-color has-background has-global-padding is-layout-constrained wp-container-core-group-is-layout-7276a2bb wp-block-group-is-layout-constrained\" id=\"service-area\" style=\"margin-top:0;margin-bottom:0;padding-top:var(--wp--preset--spacing--60);padding-right:var(--wp--preset--spacing--30);padding-bottom:var(--wp--preset--spacing--60);padding-left:var(--wp--preset--spacing--30)\">\n<div class=\"wp-block-group alignwide is-vertical is-layout-flex wp-container-core-group-is-layout-fe9cc265 wp-block-group-is-layout-flex\">\n<div class=\"wp-block-group alignwide has-global-padding is-content-justification-left is-layout-constrained wp-container-core-group-is-layout-8b4c372c wp-block-group-is-layout-constrained\">\n<h2 class=\"wp-block-heading has-large-font-size\">Stru\u010dno HVAC odr\u017eavanje i precizne popravke<\/h2>\n\n\n\n<p style=\"margin-top:16px\">Ponosno slu\u017eimo \u0161irokom spektru zajednica sa vrhunskim uslugama.<\/p>\n<\/div>\n<\/div>\n\n\n\n<div class=\"wp-block-columns alignwide is-layout-flex wp-container-core-columns-is-layout-28f84493 wp-block-columns-is-layout-flex\">\n<div class=\"wp-block-column is-layout-flow wp-block-column-is-layout-flow\">\n<div class=\"wp-block-media-text is-stacked-on-mobile is-image-fill-element has-background-background-color has-background\"><figure class=\"wp-block-media-text__media\"><img fetchpriority=\"high\" decoding=\"async\" width=\"1440\" height=\"960\" src=\"https:\/\/thermofrigo.rs\/wp-content\/uploads\/2025\/03\/ba27c2ecc996c7d77e13cbc09906b59653023528.jpg\" alt=\"\" class=\"wp-image-78 size-full\" style=\"object-position:50% 50%\" srcset=\"https:\/\/thermofrigo.rs\/wp-content\/uploads\/2025\/03\/ba27c2ecc996c7d77e13cbc09906b59653023528.jpg 1440w, https:\/\/thermofrigo.rs\/wp-content\/uploads\/2025\/03\/ba27c2ecc996c7d77e13cbc09906b59653023528-300x200.jpg 300w, https:\/\/thermofrigo.rs\/wp-content\/uploads\/2025\/03\/ba27c2ecc996c7d77e13cbc09906b59653023528-1024x683.jpg 1024w, https:\/\/thermofrigo.rs\/wp-content\/uploads\/2025\/03\/ba27c2ecc996c7d77e13cbc09906b59653023528-768x512.jpg 768w\" sizes=\"(max-width: 1440px) 100vw, 1440px\" \/><\/figure><div class=\"wp-block-media-text__content\">\n<div class=\"wp-block-group has-global-padding is-layout-constrained wp-block-group-is-layout-constrained\" style=\"padding-top:var(--wp--preset--spacing--40);padding-bottom:var(--wp--preset--spacing--40)\">\n<h3 class=\"wp-block-heading\" style=\"font-size:clamp(1.119rem, 1.119rem + ((1vw - 0.2rem) * 1.052), 1.75rem);line-height:1.5\">AIR CONDITIONING<\/h3>\n\n\n\n<p class=\"has-small-font-size\" style=\"margin-top:12px\">Pru\u017eanje prilago\u0111enih HVAC re\u0161enja i re\u0161enja za hla\u0111enje za svaku potrebu.<\/p>\n<\/div>\n<\/div><\/div>\n\n\n\n<div class=\"wp-block-media-text is-stacked-on-mobile is-image-fill-element has-background-background-color has-background\"><figure class=\"wp-block-media-text__media\"><img decoding=\"async\" width=\"480\" height=\"640\" src=\"https:\/\/thermofrigo.rs\/wp-content\/uploads\/2025\/03\/315523874_1144077419838214_1305294202767206280_n.jpg\" alt=\"\" class=\"wp-image-168 size-full\" style=\"object-position:50% 50%\" srcset=\"https:\/\/thermofrigo.rs\/wp-content\/uploads\/2025\/03\/315523874_1144077419838214_1305294202767206280_n.jpg 480w, https:\/\/thermofrigo.rs\/wp-content\/uploads\/2025\/03\/315523874_1144077419838214_1305294202767206280_n-225x300.jpg 225w\" sizes=\"(max-width: 480px) 100vw, 480px\" \/><\/figure><div class=\"wp-block-media-text__content\">\n<div class=\"wp-block-group has-global-padding is-layout-constrained wp-block-group-is-layout-constrained\" style=\"padding-top:var(--wp--preset--spacing--40);padding-bottom:var(--wp--preset--spacing--40)\">\n<h3 class=\"wp-block-heading\" style=\"font-size:clamp(1.119rem, 1.119rem + ((1vw - 0.2rem) * 1.052), 1.75rem);line-height:1.5\">HLADJENJE<\/h3>\n\n\n\n<p class=\"has-small-font-size\" style=\"margin-top:12px\">Posvec\u0301eni izuzetnoj usluzi i stru\u010dnosti vodec\u0301oj u industriji.<\/p>\n<\/div>\n<\/div><\/div>\n<\/div>\n\n\n\n<div class=\"wp-block-column is-layout-flow wp-block-column-is-layout-flow\">\n<div class=\"wp-block-media-text is-stacked-on-mobile is-image-fill-element has-background-background-color has-background\"><figure class=\"wp-block-media-text__media\"><img decoding=\"async\" width=\"401\" height=\"301\" src=\"https:\/\/thermofrigo.rs\/wp-content\/uploads\/2025\/03\/Snimak-ekrana-2025-03-13-090142.png\" alt=\"\" class=\"wp-image-170 size-full\" style=\"object-position:50% 50%\" srcset=\"https:\/\/thermofrigo.rs\/wp-content\/uploads\/2025\/03\/Snimak-ekrana-2025-03-13-090142.png 401w, https:\/\/thermofrigo.rs\/wp-content\/uploads\/2025\/03\/Snimak-ekrana-2025-03-13-090142-300x225.png 300w\" sizes=\"(max-width: 401px) 100vw, 401px\" \/><\/figure><div class=\"wp-block-media-text__content\">\n<div class=\"wp-block-group has-global-padding is-layout-constrained wp-block-group-is-layout-constrained\" style=\"padding-top:var(--wp--preset--spacing--40);padding-bottom:var(--wp--preset--spacing--40)\">\n<h3 class=\"wp-block-heading\" style=\"font-size:clamp(1.119rem, 1.119rem + ((1vw - 0.2rem) * 1.052), 1.75rem);line-height:1.5\">HEATING<\/h3>\n\n\n\n<p class=\"has-small-font-size\" style=\"margin-top:12px\">Istra\u017eite na\u0161e prilago\u0111ene usluge dizajnirane da odgovaraju va\u0161im jedinstvenim potrebama.<\/p>\n<\/div>\n<\/div><\/div>\n\n\n\n<div class=\"wp-block-media-text is-stacked-on-mobile is-image-fill-element has-background-background-color has-background\"><figure class=\"wp-block-media-text__media\"><img loading=\"lazy\" decoding=\"async\" width=\"561\" height=\"421\" src=\"https:\/\/thermofrigo.rs\/wp-content\/uploads\/2025\/03\/Snimak-ekrana-2025-03-13-090047.png\" alt=\"\" class=\"wp-image-169 size-full\" style=\"object-position:50% 50%\" srcset=\"https:\/\/thermofrigo.rs\/wp-content\/uploads\/2025\/03\/Snimak-ekrana-2025-03-13-090047.png 561w, https:\/\/thermofrigo.rs\/wp-content\/uploads\/2025\/03\/Snimak-ekrana-2025-03-13-090047-300x225.png 300w\" sizes=\"(max-width: 561px) 100vw, 561px\" \/><\/figure><div class=\"wp-block-media-text__content\">\n<div class=\"wp-block-group has-global-padding is-layout-constrained wp-block-group-is-layout-constrained\" style=\"padding-top:var(--wp--preset--spacing--40);padding-bottom:var(--wp--preset--spacing--40)\">\n<h3 class=\"wp-block-heading\" style=\"font-size:clamp(1.119rem, 1.119rem + ((1vw - 0.2rem) * 1.052), 1.75rem);line-height:1.5\">VENTILATION<\/h3>\n\n\n\n<p class=\"has-small-font-size\" style=\"margin-top:12px\">Pru\u017eamo pouzdana, visokokvalitetna HVAC re\u0161enja za va\u0161 komfor.<\/p>\n<\/div>\n<\/div><\/div>\n<\/div>\n<\/div>\n<\/div>\n\n\n\n<div class=\"wp-block-group alignfull has-background-background-color has-background has-global-padding is-layout-constrained wp-container-core-group-is-layout-fb85e995 wp-block-group-is-layout-constrained\" id=\"about\" style=\"margin-top:0;margin-bottom:0;padding-top:var(--wp--preset--spacing--60);padding-right:var(--wp--preset--spacing--30);padding-bottom:var(--wp--preset--spacing--60);padding-left:var(--wp--preset--spacing--30)\">\n<h2 class=\"wp-block-heading has-text-align-center has-large-font-size\">Va\u0161 pouzdani partner za HVAC i hla\u0111enje<\/h2>\n\n\n\n<p class=\"has-text-align-center\" style=\"margin-top:16px\">U THERMOFRIGO-u, na\u0161a misija je da isporu\u010dimo vrhunske usluge HVAC i rashladnih ure\u0111aja kojima je prioritet zadovoljstvo kupaca, energetska efikasnost i pouzdano upravljanje temperaturom kako za kuc\u0301e tako i za preduzec\u0301a.<\/p>\n\n\n\n<figure class=\"wp-block-image aligncenter size-large is-style-default\"><img loading=\"lazy\" decoding=\"async\" width=\"1440\" height=\"960\" src=\"https:\/\/thermofrigo.rs\/wp-content\/uploads\/2025\/03\/8bc860886fb87f1aca8ce06b14149cf45c7ef00a.jpg\" alt=\"\" class=\"wp-image-82\" style=\"aspect-ratio:16\/9;object-fit:cover\" srcset=\"https:\/\/thermofrigo.rs\/wp-content\/uploads\/2025\/03\/8bc860886fb87f1aca8ce06b14149cf45c7ef00a.jpg 1440w, https:\/\/thermofrigo.rs\/wp-content\/uploads\/2025\/03\/8bc860886fb87f1aca8ce06b14149cf45c7ef00a-300x200.jpg 300w, https:\/\/thermofrigo.rs\/wp-content\/uploads\/2025\/03\/8bc860886fb87f1aca8ce06b14149cf45c7ef00a-1024x683.jpg 1024w, https:\/\/thermofrigo.rs\/wp-content\/uploads\/2025\/03\/8bc860886fb87f1aca8ce06b14149cf45c7ef00a-768x512.jpg 768w\" sizes=\"(max-width: 1440px) 100vw, 1440px\" \/><\/figure>\n<\/div>\n\n\n\n<div class=\"wp-block-group alignfull has-tertiary-background-color has-background has-global-padding is-layout-constrained wp-container-core-group-is-layout-7276a2bb wp-block-group-is-layout-constrained\" style=\"margin-top:0;margin-bottom:0;padding-top:var(--wp--preset--spacing--60);padding-right:var(--wp--preset--spacing--30);padding-bottom:var(--wp--preset--spacing--60);padding-left:var(--wp--preset--spacing--30)\">\n<div class=\"wp-block-group has-global-padding is-layout-constrained wp-block-group-is-layout-constrained\">\n<h2 class=\"wp-block-heading has-text-align-center has-large-font-size\">Efikasna HVAC re\u0161enja za sva pode\u0161avanja<\/h2>\n\n\n\n<p class=\"has-text-align-center\" style=\"margin-top:16px\">Spremni da optimizujete svoju udobnost? Prijavite se, pretplatite se ili zaka\u017eite termin vec\u0301 danas da biste iskusili neuporedive usluge HVAC i rashladnih ure\u0111aja prilago\u0111enih va\u0161im potrebama.<\/p>\n\n\n\n<div class=\"wp-block-buttons is-content-justification-center is-layout-flex wp-container-core-buttons-is-layout-720bcce9 wp-block-buttons-is-layout-flex\">\n<div class=\"wp-block-button\"><a class=\"wp-block-button__link wp-element-button\" href=\"https:\/\/thermofrigo.rs\/en\/services\/\">Otkrijte usluge<\/a><\/div>\n<\/div>\n<\/div>\n\n\n\n<div style=\"aspect-ratio:16\/9;min-height:unset;\" class=\"wp-block-cover alignwide has-aspect-ratio\"><span aria-hidden=\"true\" class=\"wp-block-cover__background has-background-dim-0 has-background-dim\"><\/span><img loading=\"lazy\" decoding=\"async\" width=\"1440\" height=\"960\" class=\"wp-block-cover__image-background wp-image-78\" alt=\"\" src=\"https:\/\/thermofrigo.rs\/wp-content\/uploads\/2025\/03\/ba27c2ecc996c7d77e13cbc09906b59653023528.jpg\" data-object-fit=\"cover\" srcset=\"https:\/\/thermofrigo.rs\/wp-content\/uploads\/2025\/03\/ba27c2ecc996c7d77e13cbc09906b59653023528.jpg 1440w, https:\/\/thermofrigo.rs\/wp-content\/uploads\/2025\/03\/ba27c2ecc996c7d77e13cbc09906b59653023528-300x200.jpg 300w, https:\/\/thermofrigo.rs\/wp-content\/uploads\/2025\/03\/ba27c2ecc996c7d77e13cbc09906b59653023528-1024x683.jpg 1024w, https:\/\/thermofrigo.rs\/wp-content\/uploads\/2025\/03\/ba27c2ecc996c7d77e13cbc09906b59653023528-768x512.jpg 768w\" sizes=\"(max-width: 1440px) 100vw, 1440px\" \/><div class=\"wp-block-cover__inner-container has-global-padding is-layout-constrained wp-block-cover-is-layout-constrained\">\n<div style=\"height:360px\" aria-hidden=\"true\" class=\"wp-block-spacer\"><\/div>\n<\/div><\/div>\n<\/div>","protected":false},"excerpt":{"rendered":"<p>PROIZVODI Stru\u010dno HVAC odr\u017eavanje i precizne popravke Ponosno slu\u017eimo \u0161irokom spektru zajednica sa vrhunskim uslugama. KLIMATIZACIJA Pru\u017eanje prilago\u0111enih HVAC re\u0161enja i re\u0161enja za hla\u0111enje za svaku potrebu. HLADJENJE Posvec\u0301eni izuzetnoj usluzi i stru\u010dnosti vodec\u0301oj u industriji. GREJANJE Istra\u017eite na\u0161e prilago\u0111ene usluge dizajnirane da odgovaraju va\u0161im jedinstvenim potrebama. VENTILACIJA Pru\u017eamo pouzdana, visokokvalitetna HVAC re\u0161enja za va\u0161 [&hellip;]<\/p>","protected":false},"author":1,"featured_media":0,"parent":0,"menu_order":0,"comment_status":"closed","ping_status":"closed","template":"no-title","meta":{"_monsterinsights_skip_tracking":false,"_monsterinsights_sitenote_active":false,"_monsterinsights_sitenote_note":"","_monsterinsights_sitenote_category":0,"footnotes":""},"class_list":["post-38","page","type-page","status-publish","hentry"],"jetpack_sharing_enabled":true,"_links":{"self":[{"href":"https:\/\/thermofrigo.rs\/en\/wp-json\/wp\/v2\/pages\/38","targetHints":{"allow":["GET"]}}],"collection":[{"href":"https:\/\/thermofrigo.rs\/en\/wp-json\/wp\/v2\/pages"}],"about":[{"href":"https:\/\/thermofrigo.rs\/en\/wp-json\/wp\/v2\/types\/page"}],"author":[{"embeddable":true,"href":"https:\/\/thermofrigo.rs\/en\/wp-json\/wp\/v2\/users\/1"}],"replies":[{"embeddable":true,"href":"https:\/\/thermofrigo.rs\/en\/wp-json\/wp\/v2\/comments?post=38"}],"version-history":[{"count":6,"href":"https:\/\/thermofrigo.rs\/en\/wp-json\/wp\/v2\/pages\/38\/revisions"}],"predecessor-version":[{"id":240,"href":"https:\/\/thermofrigo.rs\/en\/wp-json\/wp\/v2\/pages\/38\/revisions\/240"}],"wp:attachment":[{"href":"https:\/\/thermofrigo.rs\/en\/wp-json\/wp\/v2\/media?parent=38"}],"curies":[{"name":"wp","href":"https:\/\/api.w.org\/{rel}","templated":true}]}}