{"id":36,"date":"2025-03-11T16:12:25","date_gmt":"2025-03-11T16:12:25","guid":{"rendered":"https:\/\/thermofrigo.rs\/about\/"},"modified":"2026-04-20T12:23:16","modified_gmt":"2026-04-20T10:23:16","slug":"about","status":"publish","type":"page","link":"https:\/\/thermofrigo.rs\/en\/about\/","title":{"rendered":"O nama"},"content":{"rendered":"<div class=\"wp-block-group alignfull has-foreground-background-color has-background has-global-padding is-layout-constrained wp-block-group-is-layout-constrained\" style=\"margin-top:0;margin-bottom:0;padding-top:0;padding-bottom:0\">\n<div class=\"wp-block-group alignwide has-global-padding is-layout-constrained wp-block-group-is-layout-constrained\" style=\"padding-top:var(--wp--preset--spacing--30);padding-bottom:var(--wp--preset--spacing--30)\">\n<h1 class=\"wp-block-heading alignwide has-background-color has-text-color\" style=\"font-size:clamp(0.875rem, 0.875rem + ((1vw - 0.2rem) * 0.625), 1.25rem);\">O nama<\/h1>\n<\/div>\n<\/div>\n\n\n\n<div class=\"wp-block-group alignfull has-tertiary-background-color has-background has-global-padding is-layout-constrained wp-container-core-group-is-layout-7276a2bb wp-block-group-is-layout-constrained\" id=\"about\" style=\"margin-top:0;margin-bottom:0;padding-top:var(--wp--preset--spacing--60);padding-right:var(--wp--preset--spacing--30);padding-bottom:var(--wp--preset--spacing--60);padding-left:var(--wp--preset--spacing--30)\">\n<h2 class=\"wp-block-heading has-text-align-center has-large-font-size\">Pouzdane usluge klimatizacije i grejanja i hla\u0111enja kojima mo\u017eete verovati<\/h2>\n\n\n\n<p>Na\u0161a misija u termotehnici je da kroz inovacije i primenu odr\u017eivih re\u0161enja stvorimo zdravije i energetski efikasnije prostore za \u017eivot i rad. Posve\u0107eni smo razvoju naprednih tehnologija koje smanjuju potro\u0161nju energije i emisiju \u0161tetnih gasova, doprinose\u0107i o\u010duvanju \u017eivotne sredine. Na\u0161 cilj je da budemo lideri u primeni obnovljivih izvora energije i pametnih sistema, pru\u017eaju\u0107i klijentima optimalna re\u0161enja za grejanje, hla\u0111enje i ventilaciju.<\/p>\n<\/div>\n\n\n\n<div class=\"wp-block-group alignfull has-background-background-color has-background has-global-padding is-layout-constrained wp-container-core-group-is-layout-254d6575 wp-block-group-is-layout-constrained\" style=\"margin-top:0;margin-bottom:0;padding-top:var(--wp--preset--spacing--60);padding-right:var(--wp--preset--spacing--30);padding-bottom:var(--wp--preset--spacing--60);padding-left:var(--wp--preset--spacing--30)\">\n<div class=\"wp-block-columns alignwide are-vertically-aligned-center is-layout-flex wp-container-core-columns-is-layout-08c01c1c wp-block-columns-is-layout-flex\">\n<div class=\"wp-block-column is-layout-flow wp-block-column-is-layout-flow\" style=\"flex-basis:25%\">\n<figure class=\"wp-block-image aligncenter\"><img fetchpriority=\"high\" decoding=\"async\" width=\"1080\" height=\"720\" src=\"https:\/\/thermofrigo.rs\/wp-content\/uploads\/2025\/03\/image-2.jpg\" alt=\"\" class=\"wp-image-146\" style=\"aspect-ratio:4\/3;object-fit:cover\" srcset=\"https:\/\/thermofrigo.rs\/wp-content\/uploads\/2025\/03\/image-2.jpg 1080w, https:\/\/thermofrigo.rs\/wp-content\/uploads\/2025\/03\/image-2-300x200.jpg 300w, https:\/\/thermofrigo.rs\/wp-content\/uploads\/2025\/03\/image-2-1024x683.jpg 1024w, https:\/\/thermofrigo.rs\/wp-content\/uploads\/2025\/03\/image-2-768x512.jpg 768w\" sizes=\"(max-width: 1080px) 100vw, 1080px\" \/><\/figure>\n<\/div>\n\n\n\n<div class=\"wp-block-column is-vertically-aligned-center is-layout-flow wp-block-column-is-layout-flow\" style=\"flex-basis:50%\">\n<h2 class=\"wp-block-heading has-large-font-size\">O kompaniji<\/h2>\n\n\n\n<p style=\"margin-top:16px\">Kompanija THERMOFRIGO\u00a0 je osnovana 1999.godine sa sedi\u0161tem u Batajnici. Osnovna delatnost kompanije vezana je za oblast klimatizacije, grejanja, hladjenja i ventilacije.<\/p>\n\n\n\n<p>Za vi\u0161e od dve decenije poslovanja, kompanija je pre\u0161la put od male porodi\u010dne firme do moderne kompanije.<\/p>\n<\/div>\n<\/div>\n<\/div>\n\n\n\n<div class=\"wp-block-group alignfull has-background-background-color has-background has-global-padding is-layout-constrained wp-container-core-group-is-layout-7276a2bb wp-block-group-is-layout-constrained\" style=\"margin-top:0;margin-bottom:0;padding-top:var(--wp--preset--spacing--60);padding-right:var(--wp--preset--spacing--30);padding-bottom:var(--wp--preset--spacing--60);padding-left:var(--wp--preset--spacing--30)\">\n<div class=\"wp-block-columns alignwide is-layout-flex wp-container-core-columns-is-layout-47c06fe3 wp-block-columns-is-layout-flex\">\n<div class=\"wp-block-column is-layout-flow wp-container-core-column-is-layout-119bc444 wp-block-column-is-layout-flow\" style=\"flex-basis:60%\">\n<p>Kompanija Thermofrigo , jedan je od lidera u Srbiji u oblasti termotehnike , koja nastupa na brojnim tr\u017ei\u0161tima, ima razgranat skup delatnosti i usluga , gde kroz saradnju sa&nbsp; nekim od najve\u0107ih svetskih brendova, poseduje znanje , ste\u010deno decenijama poslovanja.<\/p>\n\n\n\n<ul class=\"wp-block-list\">\n<li>Kao in\u017eenjerska disciplina, ima klju\u010dnu ulogu u promociji zelene energije i zdrave \u017eivotne sredine. Razvojem efikasnijih sistema grejanja, hla\u0111enja i ventilacije, termotehnika doprinosi smanjenju potro\u0161nje fosilnih goriva i emisije \u0161tetnih gasova. Kori\u0161\u0107enje obnovljivih izvora energije, kao \u0161to su solarna energija i geotermalna energija, u termotehni\u010dkim sistemima, dodatno smanjuje negativan uticaj na \u017eivotnu sredinu. Osim toga, primena pametnih tehnologija i automatizacije u termotehnici omogu\u0107ava optimizaciju potro\u0161nje energije i pove\u0107anje energetske efikasnosti zgrada.<\/li>\n<\/ul>\n<\/div>\n<\/div>\n\n\n\n<div class=\"wp-block-cover alignright\" style=\"border-radius:1.5rem;min-height:30vh;aspect-ratio:unset;\"><img decoding=\"async\" width=\"1080\" height=\"771\" class=\"wp-block-cover__image-background wp-image-145\" alt=\"\" src=\"https:\/\/thermofrigo.rs\/wp-content\/uploads\/2025\/03\/image-1.jpg\" data-object-fit=\"cover\" srcset=\"https:\/\/thermofrigo.rs\/wp-content\/uploads\/2025\/03\/image-1.jpg 1080w, https:\/\/thermofrigo.rs\/wp-content\/uploads\/2025\/03\/image-1-300x214.jpg 300w, https:\/\/thermofrigo.rs\/wp-content\/uploads\/2025\/03\/image-1-1024x731.jpg 1024w, https:\/\/thermofrigo.rs\/wp-content\/uploads\/2025\/03\/image-1-768x548.jpg 768w\" sizes=\"(max-width: 1080px) 100vw, 1080px\" \/><span aria-hidden=\"true\" class=\"wp-block-cover__background has-background-dim\" style=\"background-color:#FFF\"><\/span><div class=\"wp-block-cover__inner-container has-global-padding is-layout-constrained wp-block-cover-is-layout-constrained\">\n<p class=\"has-text-align-center has-large-font-size\"><\/p>\n<\/div><\/div>\n<\/div>\n\n\n\n<ul class=\"wp-block-list\">\n<li>Na\u0161a vizija u termotehnici je stvaranje odr\u017eivih i energetski efikasnih re\u0161enja koja minimiziraju uticaj na \u017eivotnu sredinu. Te\u017eimo inovacijama i primeni naprednih tehnologija kako bismo obezbedili komfor i zdravlje ljudi, uz istovremeno smanjenje potro\u0161nje fosilnih goriva. Na\u0161a vizija uklju\u010duje integraciju obnovljivih izvora energije i pametnih sistema u termotehni\u010dke instalacije, \u010dime doprinosimo izgradnji zelenije budu\u0107nosti. \u017delimo da budemo lideri u kreiranju re\u0161enja koja su ekonomski isplativa, ekolo\u0161ki prihvatljiva i koja podi\u017eu standarde kvaliteta \u017eivota.<\/li>\n<\/ul>\n\n\n\n<p><\/p>\n\n\n\n<div class=\"wp-block-group alignfull has-background-background-color has-background has-global-padding is-layout-constrained wp-container-core-group-is-layout-7276a2bb wp-block-group-is-layout-constrained\" style=\"margin-top:0;margin-bottom:0;padding-top:var(--wp--preset--spacing--60);padding-right:var(--wp--preset--spacing--30);padding-bottom:var(--wp--preset--spacing--60);padding-left:var(--wp--preset--spacing--30)\">\n<div class=\"wp-block-group has-global-padding is-content-justification-left is-layout-constrained wp-container-core-group-is-layout-8b4c372c wp-block-group-is-layout-constrained\">\n<h3 class=\"wp-block-heading has-text-align-center\" style=\"margin-top:12px\">NA\u0160 TIM<\/h3>\n\n\n\n<p class=\"has-text-align-center\" style=\"margin-top:16px\">Ovaj odeljak pru\u017ea kratak pregled talentovanih profesionalaca u na\u0161em timu.<\/p>\n<\/div>\n\n\n\n<div class=\"wp-block-columns alignwide is-layout-flex wp-container-core-columns-is-layout-28f84493 wp-block-columns-is-layout-flex\">\n<div class=\"wp-block-column is-layout-flow wp-container-core-column-is-layout-8a368f38 wp-block-column-is-layout-flow\">\n<figure class=\"wp-block-image size-full is-resized has-custom-border is-style-default\"><img decoding=\"async\" width=\"222\" height=\"213\" src=\"https:\/\/thermofrigo.rs\/wp-content\/uploads\/2025\/03\/Snimak-ekrana-2025-03-10-101907.png\" alt=\"\" class=\"wp-image-149\" style=\"border-top-left-radius:25rem;border-top-right-radius:25rem;aspect-ratio:1;object-fit:cover;width:179px;height:auto\"\/><\/figure>\n\n\n\n<div class=\"wp-block-group has-tertiary-background-color has-background has-global-padding is-layout-constrained wp-container-core-group-is-layout-3bcd2578 wp-block-group-is-layout-constrained\" style=\"padding-top:24px;padding-right:24px;padding-bottom:24px;padding-left:24px\">\n<h4 class=\"wp-block-heading has-text-align-center\" style=\"font-size:clamp(14px, 0.875rem + ((1vw - 3.2px) * 0.625), 20px);\">Zoran Raji\u0107<\/h4>\n\n\n\n<p class=\"has-text-align-center has-primary-color has-text-color has-small-font-size\" style=\"margin-top:4px\">Ma\u0161inski in\u017einjer<\/p>\n<\/div>\n<\/div>\n\n\n\n<div class=\"wp-block-column is-layout-flow wp-container-core-column-is-layout-8a368f38 wp-block-column-is-layout-flow\">\n<figure class=\"wp-block-image size-full is-resized has-custom-border is-style-default\"><img loading=\"lazy\" decoding=\"async\" width=\"203\" height=\"193\" src=\"https:\/\/thermofrigo.rs\/wp-content\/uploads\/2025\/03\/Snimak-ekrana-2025-03-10-101917.png\" alt=\"\" class=\"wp-image-150\" style=\"border-top-left-radius:25rem;border-top-right-radius:25rem;aspect-ratio:1;object-fit:cover;width:180px;height:auto\"\/><\/figure>\n\n\n\n<div class=\"wp-block-group has-tertiary-background-color has-background has-global-padding is-content-justification-right is-layout-constrained wp-container-core-group-is-layout-bc44dc4f wp-block-group-is-layout-constrained\" style=\"padding-top:24px;padding-right:24px;padding-bottom:24px;padding-left:24px\">\n<h4 class=\"wp-block-heading has-text-align-center\" style=\"font-size:clamp(14px, 0.875rem + ((1vw - 3.2px) * 0.625), 20px);\">Sretenka Raji\u0107<\/h4>\n\n\n\n<p class=\"has-text-align-center has-primary-color has-text-color has-small-font-size\" style=\"margin-top:4px\">Menad\u017eer finansija<\/p>\n<\/div>\n<\/div>\n\n\n\n<div class=\"wp-block-column is-layout-flow wp-container-core-column-is-layout-8a368f38 wp-block-column-is-layout-flow\">\n<figure class=\"wp-block-image size-full is-resized has-custom-border is-style-default\"><img loading=\"lazy\" decoding=\"async\" width=\"203\" height=\"193\" src=\"https:\/\/thermofrigo.rs\/wp-content\/uploads\/2025\/03\/Snimak-ekrana-2025-03-10-101917.png\" alt=\"\" class=\"wp-image-150\" style=\"border-top-left-radius:25rem;border-top-right-radius:25rem;aspect-ratio:1;object-fit:cover;width:180px;height:auto\"\/><\/figure>\n\n\n\n<div class=\"wp-block-group has-tertiary-background-color has-background has-global-padding is-layout-constrained wp-container-core-group-is-layout-3bcd2578 wp-block-group-is-layout-constrained\" style=\"padding-top:24px;padding-right:24px;padding-bottom:24px;padding-left:24px\">\n<h4 class=\"wp-block-heading has-text-align-center\" style=\"font-size:clamp(14px, 0.875rem + ((1vw - 3.2px) * 0.625), 20px);\">Marina Raji\u0107<\/h4>\n\n\n\n<p class=\"has-text-align-center has-primary-color has-text-color has-small-font-size\" style=\"margin-top:4px\">Strukovni ekonomista<\/p>\n<\/div>\n<\/div>\n\n\n\n<div class=\"wp-block-column is-layout-flow wp-container-core-column-is-layout-8a368f38 wp-block-column-is-layout-flow\">\n<figure class=\"wp-block-image size-full is-resized has-custom-border is-style-default\"><img loading=\"lazy\" decoding=\"async\" width=\"203\" height=\"193\" src=\"https:\/\/thermofrigo.rs\/wp-content\/uploads\/2025\/03\/Snimak-ekrana-2025-03-10-101917.png\" alt=\"\" class=\"wp-image-150\" style=\"border-top-left-radius:25rem;border-top-right-radius:25rem;aspect-ratio:1;object-fit:cover;width:181px;height:auto\"\/><\/figure>\n\n\n\n<div class=\"wp-block-group has-tertiary-background-color has-background has-global-padding is-layout-constrained wp-container-core-group-is-layout-3bcd2578 wp-block-group-is-layout-constrained\" style=\"padding-top:24px;padding-right:24px;padding-bottom:24px;padding-left:24px\">\n<h4 class=\"wp-block-heading has-text-align-center\" style=\"font-size:clamp(14px, 0.875rem + ((1vw - 3.2px) * 0.625), 20px);\">Maja Raji\u0107<\/h4>\n\n\n\n<p class=\"has-text-align-center has-primary-color has-text-color has-small-font-size\" style=\"margin-top:4px\">Ma\u0161inski in\u017einjer<\/p>\n<\/div>\n<\/div>\n<\/div>\n<\/div>\n\n\n\n<p><\/p>","protected":false},"excerpt":{"rendered":"<p>O nama Pouzdane usluge klimatizacije i grejanja i hla\u0111enja kojima mo\u017eete verovati Na\u0161a misija u termotehnici je da kroz inovacije i primenu odr\u017eivih re\u0161enja stvorimo zdravije i energetski efikasnije prostore za \u017eivot i rad. Posve\u0107eni smo razvoju naprednih tehnologija koje smanjuju potro\u0161nju energije i emisiju \u0161tetnih gasova, doprinose\u0107i o\u010duvanju \u017eivotne sredine. Na\u0161 cilj je da [&hellip;]<\/p>","protected":false},"author":1,"featured_media":0,"parent":0,"menu_order":0,"comment_status":"closed","ping_status":"closed","template":"no-title","meta":{"_monsterinsights_skip_tracking":false,"_monsterinsights_sitenote_active":false,"_monsterinsights_sitenote_note":"","_monsterinsights_sitenote_category":0,"footnotes":""},"class_list":["post-36","page","type-page","status-publish","hentry"],"jetpack_sharing_enabled":true,"_links":{"self":[{"href":"https:\/\/thermofrigo.rs\/en\/wp-json\/wp\/v2\/pages\/36","targetHints":{"allow":["GET"]}}],"collection":[{"href":"https:\/\/thermofrigo.rs\/en\/wp-json\/wp\/v2\/pages"}],"about":[{"href":"https:\/\/thermofrigo.rs\/en\/wp-json\/wp\/v2\/types\/page"}],"author":[{"embeddable":true,"href":"https:\/\/thermofrigo.rs\/en\/wp-json\/wp\/v2\/users\/1"}],"replies":[{"embeddable":true,"href":"https:\/\/thermofrigo.rs\/en\/wp-json\/wp\/v2\/comments?post=36"}],"version-history":[{"count":7,"href":"https:\/\/thermofrigo.rs\/en\/wp-json\/wp\/v2\/pages\/36\/revisions"}],"predecessor-version":[{"id":1087,"href":"https:\/\/thermofrigo.rs\/en\/wp-json\/wp\/v2\/pages\/36\/revisions\/1087"}],"wp:attachment":[{"href":"https:\/\/thermofrigo.rs\/en\/wp-json\/wp\/v2\/media?parent=36"}],"curies":[{"name":"wp","href":"https:\/\/api.w.org\/{rel}","templated":true}]}}