{"id":1016,"date":"2026-01-18T17:28:03","date_gmt":"2026-01-18T16:28:03","guid":{"rendered":"https:\/\/thermofrigo.rs\/?page_id=1016"},"modified":"2026-01-18T17:28:03","modified_gmt":"2026-01-18T16:28:03","slug":"nosaci-za-montazu","status":"publish","type":"page","link":"https:\/\/thermofrigo.rs\/en\/nosaci-za-montazu\/","title":{"rendered":"Nosa\u010di za monta\u017eu"},"content":{"rendered":"<div class=\"wp-block-columns alignwide is-layout-flex wp-container-core-columns-is-layout-28f84493 wp-block-columns-is-layout-flex\">\n<div class=\"wp-block-column is-layout-flow wp-block-column-is-layout-flow\">\n<figure class=\"wp-block-image size-full\"><a class=\"https:\/\/thermofrigo.rs\/podni-nosac-za-toplotne-pumpe-sa-4-stope\/\" href=\"https:\/\/thermofrigo.rs\/en\/podni-nosac-za-toplotne-pumpe-sa-4-stope\/\" rel=\"Header\"><img fetchpriority=\"high\" decoding=\"async\" width=\"578\" height=\"563\" src=\"https:\/\/thermofrigo.rs\/wp-content\/uploads\/2026\/01\/Snimak-ekrana-2026-01-18-172141.jpg\" alt=\"\" class=\"wp-image-1020\" srcset=\"https:\/\/thermofrigo.rs\/wp-content\/uploads\/2026\/01\/Snimak-ekrana-2026-01-18-172141.jpg 578w, https:\/\/thermofrigo.rs\/wp-content\/uploads\/2026\/01\/Snimak-ekrana-2026-01-18-172141-300x292.jpg 300w, https:\/\/thermofrigo.rs\/wp-content\/uploads\/2026\/01\/Snimak-ekrana-2026-01-18-172141-12x12.jpg 12w\" sizes=\"(max-width: 578px) 100vw, 578px\" \/><\/a><\/figure>\n\n\n\n<h6 class=\"wp-block-heading has-text-align-center\">Podni nosa\u010d za toplotne pumpe<\/h6>\n<\/div>\n\n\n\n<div class=\"wp-block-column is-layout-flow wp-block-column-is-layout-flow\">\n<figure class=\"wp-block-image size-full is-resized\"><a class=\"https:\/\/thermofrigo.rs\/podni-nosac-sa-6-stopa\/\" href=\"https:\/\/thermofrigo.rs\/en\/podni-nosac-sa-6-stopa\/\" rel=\"header\"><img decoding=\"async\" width=\"485\" height=\"506\" src=\"https:\/\/thermofrigo.rs\/wp-content\/uploads\/2026\/01\/podni.png\" alt=\"\" class=\"wp-image-1018\" style=\"aspect-ratio:0.9585057641146911;width:379px;height:auto\" srcset=\"https:\/\/thermofrigo.rs\/wp-content\/uploads\/2026\/01\/podni.png 485w, https:\/\/thermofrigo.rs\/wp-content\/uploads\/2026\/01\/podni-288x300.png 288w, https:\/\/thermofrigo.rs\/wp-content\/uploads\/2026\/01\/podni-12x12.png 12w\" sizes=\"(max-width: 485px) 100vw, 485px\" \/><\/a><\/figure>\n\n\n\n<h6 class=\"wp-block-heading has-text-align-center\">Podni nosa\u010d za toplotne pumpe<\/h6>\n<\/div>\n\n\n\n<div class=\"wp-block-column is-layout-flow wp-block-column-is-layout-flow\">\n<figure class=\"wp-block-image size-full is-resized\"><img decoding=\"async\" width=\"317\" height=\"321\" src=\"https:\/\/thermofrigo.rs\/wp-content\/uploads\/2026\/01\/sa-podupiracem.png\" alt=\"\" class=\"wp-image-1021\" style=\"aspect-ratio:0.9875864083341447;width:387px;height:auto\" srcset=\"https:\/\/thermofrigo.rs\/wp-content\/uploads\/2026\/01\/sa-podupiracem.png 317w, https:\/\/thermofrigo.rs\/wp-content\/uploads\/2026\/01\/sa-podupiracem-296x300.png 296w, https:\/\/thermofrigo.rs\/wp-content\/uploads\/2026\/01\/sa-podupiracem-12x12.png 12w, https:\/\/thermofrigo.rs\/wp-content\/uploads\/2026\/01\/sa-podupiracem-100x100.png 100w\" sizes=\"(max-width: 317px) 100vw, 317px\" \/><\/figure>\n\n\n\n<h6 class=\"wp-block-heading has-text-align-center\">Zidni nosa\u010d sa podupira\u010dem<\/h6>\n<\/div>\n<\/div>\n\n\n\n<div class=\"wp-block-columns alignwide is-layout-flex wp-container-core-columns-is-layout-28f84493 wp-block-columns-is-layout-flex\">\n<div class=\"wp-block-column is-layout-flow wp-block-column-is-layout-flow\">\n<figure class=\"wp-block-image size-full is-resized\"><img loading=\"lazy\" decoding=\"async\" width=\"391\" height=\"295\" src=\"https:\/\/thermofrigo.rs\/wp-content\/uploads\/2026\/01\/cil.png\" alt=\"\" class=\"wp-image-1022\" style=\"aspect-ratio:1.3254409661528683;width:405px;height:auto\" srcset=\"https:\/\/thermofrigo.rs\/wp-content\/uploads\/2026\/01\/cil.png 391w, https:\/\/thermofrigo.rs\/wp-content\/uploads\/2026\/01\/cil-300x226.png 300w, https:\/\/thermofrigo.rs\/wp-content\/uploads\/2026\/01\/cil-16x12.png 16w\" sizes=\"(max-width: 391px) 100vw, 391px\" \/><\/figure>\n\n\n\n<h6 class=\"wp-block-heading has-text-align-center\">Podni nosa\u010d za \u010dilere<\/h6>\n<\/div>\n\n\n\n<div class=\"wp-block-column is-layout-flow wp-block-column-is-layout-flow\">\n<figure class=\"wp-block-image size-full\"><img loading=\"lazy\" decoding=\"async\" width=\"582\" height=\"428\" src=\"https:\/\/thermofrigo.rs\/wp-content\/uploads\/2026\/01\/Snimak_ekrana_2025-05-14_163348-removebg-preview.png\" alt=\"\" class=\"wp-image-1023\" srcset=\"https:\/\/thermofrigo.rs\/wp-content\/uploads\/2026\/01\/Snimak_ekrana_2025-05-14_163348-removebg-preview.png 582w, https:\/\/thermofrigo.rs\/wp-content\/uploads\/2026\/01\/Snimak_ekrana_2025-05-14_163348-removebg-preview-300x221.png 300w, https:\/\/thermofrigo.rs\/wp-content\/uploads\/2026\/01\/Snimak_ekrana_2025-05-14_163348-removebg-preview-16x12.png 16w\" sizes=\"(max-width: 582px) 100vw, 582px\" \/><\/figure>\n\n\n\n<h6 class=\"wp-block-heading has-text-align-center\">tacna za odmrzavanje kondeza<\/h6>\n<\/div>\n\n\n\n<div class=\"wp-block-column is-layout-flow wp-block-column-is-layout-flow\">\n<h6 class=\"wp-block-heading has-text-align-center\"><\/h6>\n<\/div>\n<\/div>","protected":false},"excerpt":{"rendered":"<p>Podni nosa\u010d za toplotne pumpe Podni nosa\u010d za toplotne pumpe Zidni nosa\u010d sa podupira\u010dem Podni nosa\u010d za \u010dilere tacna za odmrzavanje kondeza<\/p>","protected":false},"author":1,"featured_media":0,"parent":0,"menu_order":0,"comment_status":"closed","ping_status":"closed","template":"","meta":{"_monsterinsights_skip_tracking":false,"_monsterinsights_sitenote_active":false,"_monsterinsights_sitenote_note":"","_monsterinsights_sitenote_category":0,"footnotes":""},"class_list":["post-1016","page","type-page","status-publish","hentry"],"jetpack_sharing_enabled":true,"_links":{"self":[{"href":"https:\/\/thermofrigo.rs\/en\/wp-json\/wp\/v2\/pages\/1016","targetHints":{"allow":["GET"]}}],"collection":[{"href":"https:\/\/thermofrigo.rs\/en\/wp-json\/wp\/v2\/pages"}],"about":[{"href":"https:\/\/thermofrigo.rs\/en\/wp-json\/wp\/v2\/types\/page"}],"author":[{"embeddable":true,"href":"https:\/\/thermofrigo.rs\/en\/wp-json\/wp\/v2\/users\/1"}],"replies":[{"embeddable":true,"href":"https:\/\/thermofrigo.rs\/en\/wp-json\/wp\/v2\/comments?post=1016"}],"version-history":[{"count":1,"href":"https:\/\/thermofrigo.rs\/en\/wp-json\/wp\/v2\/pages\/1016\/revisions"}],"predecessor-version":[{"id":1024,"href":"https:\/\/thermofrigo.rs\/en\/wp-json\/wp\/v2\/pages\/1016\/revisions\/1024"}],"wp:attachment":[{"href":"https:\/\/thermofrigo.rs\/en\/wp-json\/wp\/v2\/media?parent=1016"}],"curies":[{"name":"wp","href":"https:\/\/api.w.org\/{rel}","templated":true}]}}